{"id":15,"date":"2026-03-23T16:36:34","date_gmt":"2026-03-23T13:36:34","guid":{"rendered":"http:\/\/www.olcaysurucukursu.com\/?page_id=15"},"modified":"2026-03-23T16:36:34","modified_gmt":"2026-03-23T13:36:34","slug":"giris","status":"publish","type":"page","link":"http:\/\/www.olcaysurucukursu.com\/","title":{"rendered":"Giri\u015f"},"content":{"rendered":"\n<p>Sitenize ho\u015f geldiniz! Buras\u0131 sizin giri\u015f sayfan\u0131zd\u0131r. Ziyaret\u00e7ilerinizin \u00e7o\u011fu sitenize geldi\u011finde ilk olarak bu sayfay\u0131 g\u00f6r\u00fcr.<\/p>\n","protected":false},"excerpt":{"rendered":"<p>Sitenize ho\u015f geldiniz! Buras\u0131 sizin giri\u015f sayfan\u0131zd\u0131r. Ziyaret\u00e7ilerinizin \u00e7o\u011fu sitenize geldi\u011finde ilk olarak bu sayfay\u0131 g\u00f6r\u00fcr.<\/p>\n","protected":false},"author":1,"featured_media":0,"parent":0,"menu_order":0,"comment_status":"closed","ping_status":"closed","template":"","meta":{"footnotes":""},"class_list":["post-15","page","type-page","status-publish","hentry"],"aioseo_notices":[],"_links":{"self":[{"href":"http:\/\/www.olcaysurucukursu.com\/index.php\/wp-json\/wp\/v2\/pages\/15","targetHints":{"allow":["GET"]}}],"collection":[{"href":"http:\/\/www.olcaysurucukursu.com\/index.php\/wp-json\/wp\/v2\/pages"}],"about":[{"href":"http:\/\/www.olcaysurucukursu.com\/index.php\/wp-json\/wp\/v2\/types\/page"}],"author":[{"embeddable":true,"href":"http:\/\/www.olcaysurucukursu.com\/index.php\/wp-json\/wp\/v2\/users\/1"}],"replies":[{"embeddable":true,"href":"http:\/\/www.olcaysurucukursu.com\/index.php\/wp-json\/wp\/v2\/comments?post=15"}],"version-history":[{"count":1,"href":"http:\/\/www.olcaysurucukursu.com\/index.php\/wp-json\/wp\/v2\/pages\/15\/revisions"}],"predecessor-version":[{"id":20,"href":"http:\/\/www.olcaysurucukursu.com\/index.php\/wp-json\/wp\/v2\/pages\/15\/revisions\/20"}],"wp:attachment":[{"href":"http:\/\/www.olcaysurucukursu.com\/index.php\/wp-json\/wp\/v2\/media?parent=15"}],"curies":[{"name":"wp","href":"https:\/\/api.w.org\/{rel}","templated":true}]}}